{"id":2,"date":"2024-06-19T13:23:16","date_gmt":"2024-06-19T11:23:16","guid":{"rendered":"https:\/\/www.t-konten-master.de\/?page_id=2"},"modified":"2024-06-19T14:20:03","modified_gmt":"2024-06-19T12:20:03","slug":"beispiel-seite","status":"publish","type":"page","link":"https:\/\/www.t-konten-master.de\/?page_id=2","title":{"rendered":"Historie"},"content":{"rendered":"\n<p>Im Fr\u00fchjahr 2022 haben sich 5 angehende Betriebswirte am Berufskolleg L\u00fcbbecke zu einem Projekt zusammengefunden.<\/p>\n\n\n\n<blockquote class=\"wp-block-quote is-layout-flow wp-block-quote-is-layout-flow\">\n<p>Hallo! Tags\u00fcber arbeite ich als Fahrradkurier, nachts bin ich ein aufstrebender Schauspieler und dies hier ist meine Website. Ich lebe in Berlin, habe einen gro\u00dfen Hund namens Jack, mag Pi\u00f1a Coladas, jedoch weniger (ohne Schirm) im Regen stehen gelassen zu werden.<\/p>\n<\/blockquote>\n\n\n\n<p>&#8230;&nbsp;oder so etwas wie:<\/p>\n\n\n\n<blockquote class=\"wp-block-quote is-layout-flow wp-block-quote-is-layout-flow\">\n<p>Das Unternehmen XYZ wurde 1971 gegr\u00fcndet und versorgt die \u00d6ffentlichkeit seither mit qualitativ hochwertigen Produkten. An seinem Standort in einer kleinen Gro\u00dfstadt besch\u00e4ftigt der Betrieb \u00fcber 2.000 Menschen und unterst\u00fctzt die Stadtbewohner in vielfacher Hinsicht.<\/p>\n<\/blockquote>\n\n\n\n<p>Als neuer WordPress-Benutzer solltest du <a href=\"https:\/\/www.t-konten-master.de\/wp-admin\/\">dein Dashboard<\/a> aufrufen, um diese Seite zu l\u00f6schen und neue Seiten und Beitr\u00e4ge f\u00fcr deine Website erstellen. Viel Spa\u00df!<\/p>\n\n\n\n<figure class=\"wp-block-gallery has-nested-images columns-default is-cropped wp-block-gallery-1 is-layout-flex wp-block-gallery-is-layout-flex\">\n<figure class=\"wp-block-image size-large\"><img loading=\"lazy\" decoding=\"async\" width=\"1024\" height=\"553\" data-id=\"12\" src=\"https:\/\/www.t-konten-master.de\/wp-content\/uploads\/2024\/06\/mitarbeiterportal_mitarbeiter_allgemein-1024x553.jpg\" alt=\"\" class=\"wp-image-12\" srcset=\"https:\/\/www.t-konten-master.de\/wp-content\/uploads\/2024\/06\/mitarbeiterportal_mitarbeiter_allgemein-1024x553.jpg 1024w, https:\/\/www.t-konten-master.de\/wp-content\/uploads\/2024\/06\/mitarbeiterportal_mitarbeiter_allgemein-300x162.jpg 300w, https:\/\/www.t-konten-master.de\/wp-content\/uploads\/2024\/06\/mitarbeiterportal_mitarbeiter_allgemein-768x414.jpg 768w, https:\/\/www.t-konten-master.de\/wp-content\/uploads\/2024\/06\/mitarbeiterportal_mitarbeiter_allgemein-1536x829.jpg 1536w, https:\/\/www.t-konten-master.de\/wp-content\/uploads\/2024\/06\/mitarbeiterportal_mitarbeiter_allgemein.jpg 1920w\" sizes=\"auto, (max-width: 1024px) 100vw, 1024px\" \/><\/figure>\n<\/figure>\n\n\n\n<figure class=\"wp-block-gallery has-nested-images columns-default is-cropped wp-block-gallery-2 is-layout-flex wp-block-gallery-is-layout-flex\">\n<figure class=\"wp-block-image size-large\"><img loading=\"lazy\" decoding=\"async\" width=\"1024\" height=\"553\" data-id=\"14\" src=\"https:\/\/www.t-konten-master.de\/wp-content\/uploads\/2024\/06\/mitarbeiterportal_mitarbeiter_allgemein-1-1024x553.jpg\" alt=\"\" class=\"wp-image-14\" srcset=\"https:\/\/www.t-konten-master.de\/wp-content\/uploads\/2024\/06\/mitarbeiterportal_mitarbeiter_allgemein-1-1024x553.jpg 1024w, https:\/\/www.t-konten-master.de\/wp-content\/uploads\/2024\/06\/mitarbeiterportal_mitarbeiter_allgemein-1-300x162.jpg 300w, https:\/\/www.t-konten-master.de\/wp-content\/uploads\/2024\/06\/mitarbeiterportal_mitarbeiter_allgemein-1-768x414.jpg 768w, https:\/\/www.t-konten-master.de\/wp-content\/uploads\/2024\/06\/mitarbeiterportal_mitarbeiter_allgemein-1-1536x829.jpg 1536w, https:\/\/www.t-konten-master.de\/wp-content\/uploads\/2024\/06\/mitarbeiterportal_mitarbeiter_allgemein-1.jpg 1920w\" sizes=\"auto, (max-width: 1024px) 100vw, 1024px\" \/><\/figure>\n\n\n\n<figure class=\"wp-block-image size-large\"><img loading=\"lazy\" decoding=\"async\" width=\"402\" height=\"281\" data-id=\"15\" src=\"https:\/\/www.t-konten-master.de\/wp-content\/uploads\/2024\/06\/mitarbeiterportal_mitarbeiter_bankverbindung.jpg\" alt=\"\" class=\"wp-image-15\" srcset=\"https:\/\/www.t-konten-master.de\/wp-content\/uploads\/2024\/06\/mitarbeiterportal_mitarbeiter_bankverbindung.jpg 402w, https:\/\/www.t-konten-master.de\/wp-content\/uploads\/2024\/06\/mitarbeiterportal_mitarbeiter_bankverbindung-300x210.jpg 300w\" sizes=\"auto, (max-width: 402px) 100vw, 402px\" \/><\/figure>\n\n\n\n<figure class=\"wp-block-image size-large\"><img loading=\"lazy\" decoding=\"async\" width=\"402\" height=\"508\" data-id=\"16\" src=\"https:\/\/www.t-konten-master.de\/wp-content\/uploads\/2024\/06\/mitarbeiterportal_mitarbeiter_persoenlich-1.jpg\" alt=\"\" class=\"wp-image-16\" srcset=\"https:\/\/www.t-konten-master.de\/wp-content\/uploads\/2024\/06\/mitarbeiterportal_mitarbeiter_persoenlich-1.jpg 402w, https:\/\/www.t-konten-master.de\/wp-content\/uploads\/2024\/06\/mitarbeiterportal_mitarbeiter_persoenlich-1-237x300.jpg 237w\" sizes=\"auto, (max-width: 402px) 100vw, 402px\" \/><\/figure>\n<\/figure>\n","protected":false},"excerpt":{"rendered":"<p>Im Fr\u00fchjahr 2022 haben sich 5 angehende Betriebswirte am Berufskolleg L\u00fcbbecke zu einem Projekt zusammengefunden. Hallo! Tags\u00fcber arbeite ich als Fahrradkurier, nachts bin ich ein aufstrebender Schauspieler und dies hier ist meine Website. Ich lebe in Berlin, habe einen gro\u00dfen Hund namens Jack, mag Pi\u00f1a Coladas, jedoch weniger (ohne Schirm) im Regen stehen gelassen zu [&hellip;]<\/p>\n","protected":false},"author":1,"featured_media":0,"parent":0,"menu_order":0,"comment_status":"closed","ping_status":"open","template":"","meta":{"footnotes":""},"class_list":["post-2","page","type-page","status-publish","hentry"],"_links":{"self":[{"href":"https:\/\/www.t-konten-master.de\/index.php?rest_route=\/wp\/v2\/pages\/2","targetHints":{"allow":["GET"]}}],"collection":[{"href":"https:\/\/www.t-konten-master.de\/index.php?rest_route=\/wp\/v2\/pages"}],"about":[{"href":"https:\/\/www.t-konten-master.de\/index.php?rest_route=\/wp\/v2\/types\/page"}],"author":[{"embeddable":true,"href":"https:\/\/www.t-konten-master.de\/index.php?rest_route=\/wp\/v2\/users\/1"}],"replies":[{"embeddable":true,"href":"https:\/\/www.t-konten-master.de\/index.php?rest_route=%2Fwp%2Fv2%2Fcomments&post=2"}],"version-history":[{"count":4,"href":"https:\/\/www.t-konten-master.de\/index.php?rest_route=\/wp\/v2\/pages\/2\/revisions"}],"predecessor-version":[{"id":18,"href":"https:\/\/www.t-konten-master.de\/index.php?rest_route=\/wp\/v2\/pages\/2\/revisions\/18"}],"wp:attachment":[{"href":"https:\/\/www.t-konten-master.de\/index.php?rest_route=%2Fwp%2Fv2%2Fmedia&parent=2"}],"curies":[{"name":"wp","href":"https:\/\/api.w.org\/{rel}","templated":true}]}}